{"id":428,"date":"2020-07-07T18:09:01","date_gmt":"2020-07-07T18:09:01","guid":{"rendered":"http:\/\/www.apartma-olip.si\/domaca-stran\/"},"modified":"2024-06-30T10:32:02","modified_gmt":"2024-06-30T10:32:02","slug":"domaca-stran","status":"publish","type":"page","link":"https:\/\/www.apartma-olip.si\/de\/","title":{"rendered":"Start"},"content":{"rendered":"<p><div class=\"fusion-fullwidth fullwidth-box fusion-builder-row-1 nonhundred-percent-fullwidth non-hundred-percent-height-scrolling\" style=\"--awb-border-radius-top-left:0px;--awb-border-radius-top-right:0px;--awb-border-radius-bottom-right:0px;--awb-border-radius-bottom-left:0px;--awb-margin-top:-55px;--awb-margin-bottom:-20px;--awb-background-color:#c0f2bb;--awb-flex-wrap:wrap;\" ><div class=\"fusion-builder-row fusion-row\"><div class=\"fusion-layout-column fusion_builder_column fusion-builder-column-0 fusion_builder_column_1_3 1_3 fusion-one-third fusion-column-first\" style=\"--awb-bg-size:cover;--awb-margin-top:30px;width:33.333333333333%;width:calc(33.333333333333% - ( ( 4% ) * 0.33333333333333 ) );margin-right: 4%;\"><div class=\"fusion-column-wrapper fusion-column-has-shadow fusion-flex-column-wrapper-legacy\"><div class=\"fusion-text fusion-text-1\"><p><img decoding=\"async\" class=\"aligncenter wp-image-494\" src=\"http:\/\/www.apartma-olip.si\/wp-content\/uploads\/2020\/07\/willkommen-300x293.png\" alt=\"\" width=\"268\" height=\"262\" srcset=\"https:\/\/www.apartma-olip.si\/wp-content\/uploads\/2020\/07\/willkommen-66x66.png 66w, https:\/\/www.apartma-olip.si\/wp-content\/uploads\/2020\/07\/willkommen-200x195.png 200w, https:\/\/www.apartma-olip.si\/wp-content\/uploads\/2020\/07\/willkommen-300x293.png 300w, https:\/\/www.apartma-olip.si\/wp-content\/uploads\/2020\/07\/willkommen-400x390.png 400w, https:\/\/www.apartma-olip.si\/wp-content\/uploads\/2020\/07\/willkommen-600x586.png 600w, https:\/\/www.apartma-olip.si\/wp-content\/uploads\/2020\/07\/willkommen-768x749.png 768w, https:\/\/www.apartma-olip.si\/wp-content\/uploads\/2020\/07\/willkommen-800x781.png 800w, https:\/\/www.apartma-olip.si\/wp-content\/uploads\/2020\/07\/willkommen-1024x999.png 1024w, https:\/\/www.apartma-olip.si\/wp-content\/uploads\/2020\/07\/willkommen.png 1118w\" sizes=\"(max-width: 268px) 100vw, 268px\" \/><\/p>\n<\/div><div class=\"fusion-clearfix\"><\/div><\/div><\/div><div class=\"fusion-layout-column fusion_builder_column fusion-builder-column-1 fusion_builder_column_2_3 2_3 fusion-two-third fusion-column-last\" style=\"--awb-bg-size:cover;--awb-margin-top:30px;width:66.666666666667%;width:calc(66.666666666667% - ( ( 4% ) * 0.66666666666667 ) );\"><div class=\"fusion-column-wrapper fusion-column-has-shadow fusion-flex-column-wrapper-legacy\"><div class=\"fusion-text fusion-text-2\"><p>Die Apartments Olip befinden sich im Dorf Mlino. Unser Haus liegt in einem ruhigen Teil des Ortes, umgeben von Wiesen und W\u00e4ldern. Es ist der ideale Ort in der Natur zu entspannen, ein idealer Ausgangspunkt zum Schwimmen im See, f\u00fcr Wanderungen durch die umliegenden W\u00e4lder, Angeln in der Sava und entspanntes Radfahren. Im Winter ist es ideal f\u00fcr verschiedene Aktivit\u00e4ten( Schlitschuhfahren, Skilanglauf,\u2026).<br \/>\nAuf der unterer Seite des Hauses befindet sich ein grosser Garten der zum Lesen, Spielen oder Ausruhen gedacht ist. Ein paar Schritte entfernt ist ein Kinderspielplatz.<br \/>\nVor dem Haus ist ein kostenloser Parkplatz zur Verf\u00fcgung.<\/p>\n<\/div><div class=\"fusion-clearfix\"><\/div><\/div><\/div><\/div><\/div><div class=\"fusion-fullwidth fullwidth-box fusion-builder-row-2 nonhundred-percent-fullwidth non-hundred-percent-height-scrolling\" style=\"--awb-border-radius-top-left:0px;--awb-border-radius-top-right:0px;--awb-border-radius-bottom-right:0px;--awb-border-radius-bottom-left:0px;--awb-background-color:#d8f5d5;--awb-flex-wrap:wrap;\" ><div class=\"fusion-builder-row fusion-row\"><div class=\"fusion-layout-column fusion_builder_column fusion-builder-column-2 fusion_builder_column_1_1 1_1 fusion-one-full fusion-column-first fusion-column-last\" style=\"--awb-bg-size:cover;\"><div class=\"fusion-column-wrapper fusion-column-has-shadow fusion-flex-column-wrapper-legacy\"><div class=\"fusion-sep-clear\"><\/div><div class=\"fusion-separator fusion-full-width-sep\" style=\"margin-left: auto;margin-right: auto;margin-top:30px;width:100%;\"><\/div><div class=\"fusion-sep-clear\"><\/div><div class=\"fusion-clearfix\"><\/div><\/div><\/div><\/div><\/div><div class=\"fusion-fullwidth fullwidth-box fusion-builder-row-3 nonhundred-percent-fullwidth non-hundred-percent-height-scrolling fusion-equal-height-columns\" style=\"--awb-border-radius-top-left:0px;--awb-border-radius-top-right:0px;--awb-border-radius-bottom-right:0px;--awb-border-radius-bottom-left:0px;--awb-background-color:#d8f5d5;--awb-flex-wrap:wrap;\" ><div class=\"fusion-builder-row fusion-row\"><div class=\"fusion-layout-column fusion_builder_column fusion-builder-column-3 fusion_builder_column_1_3 1_3 fusion-one-third fusion-column-first\" style=\"--awb-padding-top:15px;--awb-padding-right:15px;--awb-padding-bottom:15px;--awb-padding-left:15px;--awb-overflow:hidden;--awb-bg-size:cover;--awb-border-color:#ffffff;--awb-border-top:0;--awb-border-right:0;--awb-border-bottom:0;--awb-border-left:0;--awb-border-style:solid;--awb-border-radius:20px 20px 20px 20px;width:33.333333333333%;width:calc(33.333333333333% - ( ( 4% + 4% ) * 0.33333333333333 ) );margin-right: 4%;\"><div class=\"fusion-column-wrapper fusion-column-has-shadow fusion-flex-column-wrapper-legacy\"><div class=\"fusion-slider-sc fusion-flexslider-loading flexslider fusion-aligncenter flexslider-hover-type-none\" data-slideshow_autoplay=\"1\" data-slideshow_smooth_height=\"0\" data-slideshow_speed=\"2000\" style=\"max-width:100%;height:100%;\"><ul class=\"slides\"><li class=\"image\"><span class=\"fusion-image-hover-element hover-type-none\"><img decoding=\"async\" src=\"http:\/\/www.apartma-olip.si\/wp-content\/uploads\/2020\/07\/IMG_6222.jpg\" width=\"2000\" height=\"1333\" class=\"wp-image-131\" srcset=\"https:\/\/www.apartma-olip.si\/wp-content\/uploads\/2020\/07\/IMG_6222-200x133.jpg 200w, https:\/\/www.apartma-olip.si\/wp-content\/uploads\/2020\/07\/IMG_6222-400x267.jpg 400w, https:\/\/www.apartma-olip.si\/wp-content\/uploads\/2020\/07\/IMG_6222-600x400.jpg 600w, https:\/\/www.apartma-olip.si\/wp-content\/uploads\/2020\/07\/IMG_6222-800x533.jpg 800w, https:\/\/www.apartma-olip.si\/wp-content\/uploads\/2020\/07\/IMG_6222-1200x800.jpg 1200w, https:\/\/www.apartma-olip.si\/wp-content\/uploads\/2020\/07\/IMG_6222.jpg 2000w\" sizes=\"(max-width: 800px) 100vw, 400px\" \/><\/span><\/li><li class=\"image\"><span class=\"fusion-image-hover-element hover-type-none\"><img decoding=\"async\" src=\"http:\/\/www.apartma-olip.si\/wp-content\/uploads\/2020\/07\/IMG_6203.jpg\" width=\"2000\" height=\"1333\" class=\"wp-image-126\" srcset=\"https:\/\/www.apartma-olip.si\/wp-content\/uploads\/2020\/07\/IMG_6203-200x133.jpg 200w, https:\/\/www.apartma-olip.si\/wp-content\/uploads\/2020\/07\/IMG_6203-400x267.jpg 400w, https:\/\/www.apartma-olip.si\/wp-content\/uploads\/2020\/07\/IMG_6203-600x400.jpg 600w, https:\/\/www.apartma-olip.si\/wp-content\/uploads\/2020\/07\/IMG_6203-800x533.jpg 800w, https:\/\/www.apartma-olip.si\/wp-content\/uploads\/2020\/07\/IMG_6203-1200x800.jpg 1200w, https:\/\/www.apartma-olip.si\/wp-content\/uploads\/2020\/07\/IMG_6203.jpg 2000w\" sizes=\"(max-width: 800px) 100vw, 400px\" \/><\/span><\/li><li class=\"image\"><span class=\"fusion-image-hover-element hover-type-none\"><img decoding=\"async\" src=\"http:\/\/www.apartma-olip.si\/wp-content\/uploads\/2020\/07\/IMG_6194.jpg\" width=\"2000\" height=\"1333\" class=\"wp-image-121\" srcset=\"https:\/\/www.apartma-olip.si\/wp-content\/uploads\/2020\/07\/IMG_6194-200x133.jpg 200w, https:\/\/www.apartma-olip.si\/wp-content\/uploads\/2020\/07\/IMG_6194-400x267.jpg 400w, https:\/\/www.apartma-olip.si\/wp-content\/uploads\/2020\/07\/IMG_6194-600x400.jpg 600w, https:\/\/www.apartma-olip.si\/wp-content\/uploads\/2020\/07\/IMG_6194-800x533.jpg 800w, https:\/\/www.apartma-olip.si\/wp-content\/uploads\/2020\/07\/IMG_6194-1200x800.jpg 1200w, https:\/\/www.apartma-olip.si\/wp-content\/uploads\/2020\/07\/IMG_6194.jpg 2000w\" sizes=\"(max-width: 800px) 100vw, 400px\" \/><\/span><\/li><\/ul><\/div><div class=\"fusion-text fusion-text-3\"><h4>APARTMENT 1<\/h4>\n<p>Das Klimatisierte Apartment liegt im ersten Stock mit separaten Eingang. Es ist f\u00fcr bis zu 4 Personen geeignet und verf\u00fcgt \u00fcber eine gro\u00dfe K\u00fcche, ausgestattet mit allen notwendigen Utensilien und Ger\u00e4ten. Die Wohnung verf\u00fcgt \u00fcber ein gro\u00dfes Schlafzimmer mit 3 Betten und einem Sofa (f\u00fcr 4 Person), das als zus\u00e4tzliches Bett genutzt werden kann. Das Bad hat eine Dusche und WC. Die Wohnung hat einen Balkon mit Blick auf die umliegende Hochebene Jelovica.<\/p>\n<\/div><div class=\"fusion-clearfix\"><\/div><\/div><\/div><div class=\"fusion-layout-column fusion_builder_column fusion-builder-column-4 fusion_builder_column_1_3 1_3 fusion-one-third\" style=\"--awb-padding-top:15px;--awb-padding-right:15px;--awb-padding-bottom:15px;--awb-padding-left:15px;--awb-overflow:hidden;--awb-bg-size:cover;--awb-border-color:#ffffff;--awb-border-top:0;--awb-border-right:0;--awb-border-bottom:0;--awb-border-left:0;--awb-border-style:solid;--awb-border-radius:20px 20px 20px 20px;width:33.333333333333%;width:calc(33.333333333333% - ( ( 4% + 4% ) * 0.33333333333333 ) );margin-right: 4%;\"><div class=\"fusion-column-wrapper fusion-column-has-shadow fusion-flex-column-wrapper-legacy\"><div class=\"fusion-slider-sc fusion-flexslider-loading flexslider fusion-aligncenter flexslider-hover-type-none\" data-slideshow_autoplay=\"1\" data-slideshow_smooth_height=\"0\" data-slideshow_speed=\"2000\" style=\"max-width:100%;height:100%;\"><ul class=\"slides\"><li class=\"image\"><span class=\"fusion-image-hover-element hover-type-none\"><img decoding=\"async\" src=\"http:\/\/www.apartma-olip.si\/wp-content\/uploads\/2020\/07\/APP-4.jpg\" width=\"2000\" height=\"1333\" class=\"wp-image-156\" srcset=\"https:\/\/www.apartma-olip.si\/wp-content\/uploads\/2020\/07\/APP-4-200x133.jpg 200w, https:\/\/www.apartma-olip.si\/wp-content\/uploads\/2020\/07\/APP-4-400x267.jpg 400w, https:\/\/www.apartma-olip.si\/wp-content\/uploads\/2020\/07\/APP-4-600x400.jpg 600w, https:\/\/www.apartma-olip.si\/wp-content\/uploads\/2020\/07\/APP-4-800x533.jpg 800w, https:\/\/www.apartma-olip.si\/wp-content\/uploads\/2020\/07\/APP-4-1200x800.jpg 1200w, https:\/\/www.apartma-olip.si\/wp-content\/uploads\/2020\/07\/APP-4.jpg 2000w\" sizes=\"(max-width: 800px) 100vw, 400px\" \/><\/span><\/li><li class=\"image\"><span class=\"fusion-image-hover-element hover-type-none\"><img decoding=\"async\" src=\"http:\/\/www.apartma-olip.si\/wp-content\/uploads\/2020\/07\/IMG_5949.jpg\" width=\"2000\" height=\"1333\" class=\"wp-image-166\" srcset=\"https:\/\/www.apartma-olip.si\/wp-content\/uploads\/2020\/07\/IMG_5949-200x133.jpg 200w, https:\/\/www.apartma-olip.si\/wp-content\/uploads\/2020\/07\/IMG_5949-400x267.jpg 400w, https:\/\/www.apartma-olip.si\/wp-content\/uploads\/2020\/07\/IMG_5949-600x400.jpg 600w, https:\/\/www.apartma-olip.si\/wp-content\/uploads\/2020\/07\/IMG_5949-800x533.jpg 800w, https:\/\/www.apartma-olip.si\/wp-content\/uploads\/2020\/07\/IMG_5949-1200x800.jpg 1200w, https:\/\/www.apartma-olip.si\/wp-content\/uploads\/2020\/07\/IMG_5949.jpg 2000w\" sizes=\"(max-width: 800px) 100vw, 400px\" \/><\/span><\/li><li class=\"image\"><span class=\"fusion-image-hover-element hover-type-none\"><img decoding=\"async\" src=\"http:\/\/www.apartma-olip.si\/wp-content\/uploads\/2020\/07\/IMG_6084.jpg\" width=\"2000\" height=\"1333\" class=\"wp-image-191\" srcset=\"https:\/\/www.apartma-olip.si\/wp-content\/uploads\/2020\/07\/IMG_6084-200x133.jpg 200w, https:\/\/www.apartma-olip.si\/wp-content\/uploads\/2020\/07\/IMG_6084-400x267.jpg 400w, https:\/\/www.apartma-olip.si\/wp-content\/uploads\/2020\/07\/IMG_6084-600x400.jpg 600w, https:\/\/www.apartma-olip.si\/wp-content\/uploads\/2020\/07\/IMG_6084-800x533.jpg 800w, https:\/\/www.apartma-olip.si\/wp-content\/uploads\/2020\/07\/IMG_6084-1200x800.jpg 1200w, https:\/\/www.apartma-olip.si\/wp-content\/uploads\/2020\/07\/IMG_6084.jpg 2000w\" sizes=\"(max-width: 800px) 100vw, 400px\" \/><\/span><\/li><\/ul><\/div><div class=\"fusion-text fusion-text-4\"><h4>APARTMENT 2<\/h4>\n<p>Das Klimatisierte Apartment liegt im ersten Stock mit separatem Eingang zur Wohnung. Es ist f\u00fcr 4 Personen geeignet und hat zwei Schlafzimmer, eine voll ausgestattete K\u00fcche mit allen Utensilien und ein Zustellbett. Die Wohnung verf\u00fcgt \u00fcber ein ger\u00e4umiges Badezimmer mit Dusche und WC und ein weiteres WC. Die Wohnung hat einen Balkon mit Blick auf die Karavanken.<\/p>\n<\/div><div class=\"fusion-clearfix\"><\/div><\/div><\/div><div class=\"fusion-layout-column fusion_builder_column fusion-builder-column-5 fusion_builder_column_1_3 1_3 fusion-one-third fusion-column-last\" style=\"--awb-padding-top:15px;--awb-padding-right:15px;--awb-padding-bottom:15px;--awb-padding-left:15px;--awb-overflow:hidden;--awb-bg-size:cover;--awb-border-color:#ffffff;--awb-border-top:0;--awb-border-right:0;--awb-border-bottom:0;--awb-border-left:0;--awb-border-style:solid;--awb-border-radius:20px 20px 20px 20px;width:33.333333333333%;width:calc(33.333333333333% - ( ( 4% + 4% ) * 0.33333333333333 ) );\"><div class=\"fusion-column-wrapper fusion-column-has-shadow fusion-flex-column-wrapper-legacy\"><div class=\"fusion-slider-sc fusion-flexslider-loading flexslider fusion-aligncenter flexslider-hover-type-none\" data-slideshow_autoplay=\"1\" data-slideshow_smooth_height=\"1\" data-slideshow_speed=\"2000\" style=\"max-width:100%;height:100%;\"><ul class=\"slides\"><li class=\"image\"><span class=\"fusion-image-hover-element hover-type-none\"><img decoding=\"async\" src=\"https:\/\/www.apartma-olip.si\/wp-content\/uploads\/2024\/06\/IMG_2106-2.jpg\" width=\"2250\" height=\"1500\" class=\"wp-image-698\" srcset=\"https:\/\/www.apartma-olip.si\/wp-content\/uploads\/2024\/06\/IMG_2106-2-200x133.jpg 200w, https:\/\/www.apartma-olip.si\/wp-content\/uploads\/2024\/06\/IMG_2106-2-400x267.jpg 400w, https:\/\/www.apartma-olip.si\/wp-content\/uploads\/2024\/06\/IMG_2106-2-600x400.jpg 600w, https:\/\/www.apartma-olip.si\/wp-content\/uploads\/2024\/06\/IMG_2106-2-800x533.jpg 800w, https:\/\/www.apartma-olip.si\/wp-content\/uploads\/2024\/06\/IMG_2106-2-1200x800.jpg 1200w, https:\/\/www.apartma-olip.si\/wp-content\/uploads\/2024\/06\/IMG_2106-2.jpg 2250w\" sizes=\"(max-width: 800px) 100vw, 400px\" \/><\/span><\/li><li class=\"image\"><span class=\"fusion-image-hover-element hover-type-none\"><img decoding=\"async\" src=\"https:\/\/www.apartma-olip.si\/wp-content\/uploads\/2024\/06\/IMG_2033-3.jpg\" width=\"1500\" height=\"1012\" class=\"wp-image-702\" srcset=\"https:\/\/www.apartma-olip.si\/wp-content\/uploads\/2024\/06\/IMG_2033-3-200x135.jpg 200w, https:\/\/www.apartma-olip.si\/wp-content\/uploads\/2024\/06\/IMG_2033-3-400x270.jpg 400w, https:\/\/www.apartma-olip.si\/wp-content\/uploads\/2024\/06\/IMG_2033-3-600x405.jpg 600w, https:\/\/www.apartma-olip.si\/wp-content\/uploads\/2024\/06\/IMG_2033-3-800x540.jpg 800w, https:\/\/www.apartma-olip.si\/wp-content\/uploads\/2024\/06\/IMG_2033-3-1200x810.jpg 1200w, https:\/\/www.apartma-olip.si\/wp-content\/uploads\/2024\/06\/IMG_2033-3.jpg 1500w\" sizes=\"(max-width: 800px) 100vw, 400px\" \/><\/span><\/li><li class=\"image\"><span class=\"fusion-image-hover-element hover-type-none\"><img decoding=\"async\" src=\"https:\/\/www.apartma-olip.si\/wp-content\/uploads\/2024\/06\/IMG_2077-3.jpg\" width=\"1497\" height=\"1015\" class=\"wp-image-706\" srcset=\"https:\/\/www.apartma-olip.si\/wp-content\/uploads\/2024\/06\/IMG_2077-3-200x136.jpg 200w, https:\/\/www.apartma-olip.si\/wp-content\/uploads\/2024\/06\/IMG_2077-3-400x271.jpg 400w, https:\/\/www.apartma-olip.si\/wp-content\/uploads\/2024\/06\/IMG_2077-3-600x407.jpg 600w, https:\/\/www.apartma-olip.si\/wp-content\/uploads\/2024\/06\/IMG_2077-3-800x542.jpg 800w, https:\/\/www.apartma-olip.si\/wp-content\/uploads\/2024\/06\/IMG_2077-3-1200x814.jpg 1200w, https:\/\/www.apartma-olip.si\/wp-content\/uploads\/2024\/06\/IMG_2077-3.jpg 1497w\" sizes=\"(max-width: 800px) 100vw, 400px\" \/><\/span><\/li><\/ul><\/div><div class=\"fusion-text fusion-text-5\"><h4>APARTMENT 3<\/h4>\n<p>Die Wohnung befindet sich im Erdgeschoss des Hauses mit eigenem Eingang. Es bietet Platz f\u00fcr 4 Personen und verf\u00fcgt \u00fcber eine K\u00fcche, die mit allen notwendigen Utensilien und Ger\u00e4ten ausgestattet ist. Die Wohnung verf\u00fcgt \u00fcber zwei Doppelzimmer. Die Wohnung verf\u00fcgt \u00fcber ein ger\u00e4umiges Badezimmer mit Dusche und WC. Die Wohnung verf\u00fcgt \u00fcber einen gro\u00dfen Balkon mit Blick auf den Garten und den nahe gelegenen Wald.<\/p>\n<\/div><div class=\"fusion-clearfix\"><\/div><\/div><\/div><\/div><\/div><\/p>\n","protected":false},"excerpt":{"rendered":"","protected":false},"author":1,"featured_media":0,"parent":0,"menu_order":0,"comment_status":"closed","ping_status":"closed","template":"100-width.php","meta":{"footnotes":""},"class_list":["post-428","page","type-page","status-publish","hentry"],"_links":{"self":[{"href":"https:\/\/www.apartma-olip.si\/de\/wp-json\/wp\/v2\/pages\/428","targetHints":{"allow":["GET"]}}],"collection":[{"href":"https:\/\/www.apartma-olip.si\/de\/wp-json\/wp\/v2\/pages"}],"about":[{"href":"https:\/\/www.apartma-olip.si\/de\/wp-json\/wp\/v2\/types\/page"}],"author":[{"embeddable":true,"href":"https:\/\/www.apartma-olip.si\/de\/wp-json\/wp\/v2\/users\/1"}],"replies":[{"embeddable":true,"href":"https:\/\/www.apartma-olip.si\/de\/wp-json\/wp\/v2\/comments?post=428"}],"version-history":[{"count":6,"href":"https:\/\/www.apartma-olip.si\/de\/wp-json\/wp\/v2\/pages\/428\/revisions"}],"predecessor-version":[{"id":711,"href":"https:\/\/www.apartma-olip.si\/de\/wp-json\/wp\/v2\/pages\/428\/revisions\/711"}],"wp:attachment":[{"href":"https:\/\/www.apartma-olip.si\/de\/wp-json\/wp\/v2\/media?parent=428"}],"curies":[{"name":"wp","href":"https:\/\/api.w.org\/{rel}","templated":true}]}}